{"id":78,"date":"2024-12-22T16:56:06","date_gmt":"2024-12-22T15:56:06","guid":{"rendered":"http:\/\/hausarzt-floersheim.de\/?page_id=78"},"modified":"2026-03-20T16:51:22","modified_gmt":"2026-03-20T15:51:22","slug":"sprechzeiten","status":"publish","type":"page","link":"https:\/\/hausarzt-floersheim.de\/index.php\/sprechzeiten\/","title":{"rendered":"\u00d6ffnungszeiten"},"content":{"rendered":"<p style=\"text-align: center;\"><strong><\/p>\n\n\n<figure class=\"wp-block-table is-style-stripes\"><table><tbody><tr><td>Montag<\/td><td class=\"has-text-align-center\" data-align=\"center\">07:00-16:30<\/td><td class=\"has-text-align-center\" data-align=\"center\"><\/td><\/tr><tr><td>Dienstag<\/td><td class=\"has-text-align-center\" data-align=\"center\">07:00-17:00<\/td><td class=\"has-text-align-center\" data-align=\"center\"><\/td><\/tr><tr><td>Mittwoch<\/td><td class=\"has-text-align-center\" data-align=\"center\">07:00-13:00<\/td><td class=\"has-text-align-center\" data-align=\"center\"><\/td><\/tr><tr><td>Donnerstag<\/td><td class=\"has-text-align-center\" data-align=\"center\">07:00-17:00<\/td><td class=\"has-text-align-center\" data-align=\"center\"><\/td><\/tr><tr><td>Freitag<\/td><td class=\"has-text-align-center\" data-align=\"center\">07:00-13:00<\/td><td class=\"has-text-align-center\" data-align=\"center\"><\/td><\/tr><tr><td>Samstag<\/td><td class=\"has-text-align-center\" data-align=\"center\">Geschlossen<\/td><td class=\"has-text-align-center\" data-align=\"center\"><\/td><\/tr><tr><td>Sonntag<\/td><td class=\"has-text-align-center\" data-align=\"center\">Geschlossen<\/td><td class=\"has-text-align-center\" data-align=\"center\"><\/td><\/tr><\/tbody><\/table><\/figure>\n\n\n\n<p>Au\u00dferhalb der regul\u00e4ren \u00d6ffnungszeiten, wenden Sie sich bitte an den \u00c4rztlichen Notdienst, unter der Telefonnummer&nbsp; <b>116 117.<\/b><\/p>\n\n\n\n<p>In falle eines lebensbedrohlichen Notfalls rufen Sie bitte die <b>112<\/b> an.<\/p>\n","protected":false},"excerpt":{"rendered":"<p>Montag 07:00-16:30 Dienstag 07:00-17:00 Mittwoch 07:00-13:00 Donnerstag 07:00-17:00 Freitag 07:00-13:00 Samstag Geschlossen Sonntag Geschlossen Au\u00dferhalb der regul\u00e4ren \u00d6ffnungszeiten, wenden Sie sich bitte an den \u00c4rztlichen Notdienst, unter der Telefonnummer&nbsp; 116 117. In falle eines lebensbedrohlichen Notfalls rufen Sie bitte die 112 an.<\/p>\n","protected":false},"author":1,"featured_media":0,"parent":0,"menu_order":0,"comment_status":"closed","ping_status":"closed","template":"","meta":{"footnotes":""},"class_list":["post-78","page","type-page","status-publish","hentry"],"_links":{"self":[{"href":"https:\/\/hausarzt-floersheim.de\/index.php\/wp-json\/wp\/v2\/pages\/78","targetHints":{"allow":["GET"]}}],"collection":[{"href":"https:\/\/hausarzt-floersheim.de\/index.php\/wp-json\/wp\/v2\/pages"}],"about":[{"href":"https:\/\/hausarzt-floersheim.de\/index.php\/wp-json\/wp\/v2\/types\/page"}],"author":[{"embeddable":true,"href":"https:\/\/hausarzt-floersheim.de\/index.php\/wp-json\/wp\/v2\/users\/1"}],"replies":[{"embeddable":true,"href":"https:\/\/hausarzt-floersheim.de\/index.php\/wp-json\/wp\/v2\/comments?post=78"}],"version-history":[{"count":102,"href":"https:\/\/hausarzt-floersheim.de\/index.php\/wp-json\/wp\/v2\/pages\/78\/revisions"}],"predecessor-version":[{"id":471,"href":"https:\/\/hausarzt-floersheim.de\/index.php\/wp-json\/wp\/v2\/pages\/78\/revisions\/471"}],"wp:attachment":[{"href":"https:\/\/hausarzt-floersheim.de\/index.php\/wp-json\/wp\/v2\/media?parent=78"}],"curies":[{"name":"wp","href":"https:\/\/api.w.org\/{rel}","templated":true}]}}