{"id":444,"date":"2025-11-01T18:22:19","date_gmt":"2025-11-01T17:22:19","guid":{"rendered":"https:\/\/hausarzt-floersheim.de\/?page_id=444"},"modified":"2025-11-01T18:22:19","modified_gmt":"2025-11-01T17:22:19","slug":"disease-management-programme-dmp-in-unserer-praxis","status":"publish","type":"page","link":"https:\/\/hausarzt-floersheim.de\/index.php\/disease-management-programme-dmp-in-unserer-praxis\/","title":{"rendered":"Disease-Management-Programme (DMP) in unserer Praxis"},"content":{"rendered":"\n<p>In unserer Hausarztpraxis bieten wir strukturierte Disease-Management-Programme (DMP) f\u00fcr chronisch erkrankte Patientinnen und Patienten an. Diese Programme helfen, Ihre Erkrankung besser zu verstehen, zu kontrollieren und langfristig die Lebensqualit\u00e4t zu verbessern.<\/p>\n\n\n\n<p><strong>Wir betreuen Sie im Rahmen folgender DMPs:<\/strong><\/p>\n\n\n\n<ul class=\"wp-block-list\">\n<li><strong>Diabetes mellitus Typ 2<\/strong><\/li>\n<\/ul>\n\n\n\n<ul class=\"wp-block-list\">\n<li><strong>Koronare Herzerkrankung (KHK)<\/strong><\/li>\n<\/ul>\n\n\n\n<ul class=\"wp-block-list\">\n<li><strong>Asthma bronchiale<\/strong><\/li>\n<\/ul>\n\n\n\n<ul class=\"wp-block-list\">\n<li><strong>Chronisch obstruktive Lungenerkrankung (COPD)<\/strong><\/li>\n<\/ul>\n\n\n\n<p>Die Teilnahme an einem DMP erm\u00f6glicht eine regelm\u00e4\u00dfige, strukturierte Betreuung nach aktuellen medizinischen Leitlinien. <br>Sprechen Sie uns gerne an \u2013 wir informieren Sie ausf\u00fchrlich \u00fcber die Teilnahmevoraussetzungen und den Ablauf.\u00a0<\/p>\n","protected":false},"excerpt":{"rendered":"<p>In unserer Hausarztpraxis bieten wir strukturierte Disease-Management-Programme (DMP) f\u00fcr chronisch erkrankte Patientinnen und Patienten an. Diese Programme helfen, Ihre Erkrankung besser zu verstehen, zu kontrollieren und langfristig die Lebensqualit\u00e4t zu verbessern. Wir betreuen Sie im Rahmen folgender DMPs: Die Teilnahme an einem DMP erm\u00f6glicht eine regelm\u00e4\u00dfige, strukturierte Betreuung nach aktuellen medizinischen Leitlinien. Sprechen Sie uns [&hellip;]<\/p>\n","protected":false},"author":2,"featured_media":0,"parent":0,"menu_order":0,"comment_status":"closed","ping_status":"closed","template":"","meta":{"footnotes":""},"class_list":["post-444","page","type-page","status-publish","hentry"],"_links":{"self":[{"href":"https:\/\/hausarzt-floersheim.de\/index.php\/wp-json\/wp\/v2\/pages\/444","targetHints":{"allow":["GET"]}}],"collection":[{"href":"https:\/\/hausarzt-floersheim.de\/index.php\/wp-json\/wp\/v2\/pages"}],"about":[{"href":"https:\/\/hausarzt-floersheim.de\/index.php\/wp-json\/wp\/v2\/types\/page"}],"author":[{"embeddable":true,"href":"https:\/\/hausarzt-floersheim.de\/index.php\/wp-json\/wp\/v2\/users\/2"}],"replies":[{"embeddable":true,"href":"https:\/\/hausarzt-floersheim.de\/index.php\/wp-json\/wp\/v2\/comments?post=444"}],"version-history":[{"count":1,"href":"https:\/\/hausarzt-floersheim.de\/index.php\/wp-json\/wp\/v2\/pages\/444\/revisions"}],"predecessor-version":[{"id":445,"href":"https:\/\/hausarzt-floersheim.de\/index.php\/wp-json\/wp\/v2\/pages\/444\/revisions\/445"}],"wp:attachment":[{"href":"https:\/\/hausarzt-floersheim.de\/index.php\/wp-json\/wp\/v2\/media?parent=444"}],"curies":[{"name":"wp","href":"https:\/\/api.w.org\/{rel}","templated":true}]}}