{"id":360,"date":"2025-09-21T15:14:25","date_gmt":"2025-09-21T13:14:25","guid":{"rendered":"http:\/\/hausarzt-floersheim.de\/?page_id=360"},"modified":"2025-09-21T16:10:19","modified_gmt":"2025-09-21T14:10:19","slug":"anfahrt","status":"publish","type":"page","link":"https:\/\/hausarzt-floersheim.de\/index.php\/anfahrt\/","title":{"rendered":"Anfahrt"},"content":{"rendered":"\n<div id=\"wpgmza_map\" class=\"wpgmza_map\" data-settings='{\"id\":\"1\",\"map_title\":\"Praxis\",\"map_width\":\"100\",\"map_height\":\"400\",\"map_start_lat\":\"50.016843800000004\",\"map_start_lng\":\"8.432031499999999\",\"map_start_location\":\"45.950464398418106,-109.81550500000003\",\"map_start_zoom\":\"17\",\"default_marker\":\"\",\"type\":\"1\",\"alignment\":\"4\",\"directions_enabled\":\"0\",\"styling_enabled\":\"0\",\"styling_json\":\"\",\"active\":\"0\",\"kml\":\"\",\"bicycle\":\"0\",\"traffic\":\"0\",\"dbox\":\"0\",\"dbox_width\":\"\",\"listmarkers\":\"0\",\"listmarkers_advanced\":\"0\",\"filterbycat\":\"0\",\"ugm_enabled\":\"0\",\"ugm_category_enabled\":\"0\",\"fusion\":\"\",\"map_width_type\":\"%\",\"map_height_type\":\"px\",\"mass_marker_support\":\"0\",\"ugm_access\":\"0\",\"order_markers_by\":\"0\",\"order_markers_choice\":\"0\",\"show_user_location\":\"0\",\"default_to\":\"\",\"other_settings\":{\"map_type\":1,\"sl_stroke_color\":\"\",\"sl_fill_color\":\"\",\"sl_stroke_opacity\":\"\",\"sl_fill_opacity\":\"\",\"transport_layer\":false,\"action\":\"wpgmza_save_map\",\"redirect_to\":\"\\\/wp-admin\\\/admin-post.php\",\"map_id\":\"1\",\"http_referer\":\"\\\/wp-admin\\\/admin.php?page=wp-google-maps-menu&amp;amp;action=edit&amp;amp;map_id=1\",\"wpgmza_id\":\"1\",\"wpgmza_start_location\":\"50.016843800000004,8.432031499999999\",\"wpgmza_start_zoom\":\"17\",\"wpgmza_theme_data\":\"\",\"store_locator_enabled\":false,\"store_locator_search_area\":\"radial\",\"wpgmza_store_locator_radius_style\":\"legacy\",\"wpgmza_store_locator_default_radius\":\"10\",\"store_locator_auto_area_max_zoom\":\"\",\"store_locator_distance\":false,\"wpgmza_store_locator_position\":false,\"store_locator_show_distance\":false,\"store_locator_category\":false,\"wpgmza_store_locator_use_their_location\":false,\"wpgmza_store_locator_bounce\":false,\"wpgmza_sl_animation\":null,\"wpgmza_store_locator_hide_before_search\":false,\"store_locator_query_string\":\"\",\"store_locator_location_placeholder\":\"\",\"store_locator_default_address\":\"\",\"store_locator_name_search\":false,\"store_locator_name_string\":\"\",\"store_locator_not_found_message\":\"\",\"wpgmza_map_align\":\"2\",\"jump_to_nearest_marker_on_initialization\":false,\"automatically_pan_to_users_location\":false,\"override_users_location_zoom_level\":false,\"override_users_location_zoom_levels\":\"\",\"show_distance_from_location\":false,\"map_max_zoom\":\"21\",\"map_min_zoom\":\"0\",\"click_open_link\":false,\"fit_maps_bounds_to_markers\":false,\"fit_maps_bounds_to_markers_after_filtering\":false,\"hide_point_of_interest\":false,\"wpgmza_zoom_on_marker_click\":false,\"wpgmza_zoom_on_marker_click_slider\":\"\",\"close_infowindow_on_map_click\":false,\"disable_lightbox_images\":false,\"use_Raw_Jpeg_Coordinates\":false,\"polygon_labels\":false,\"disable_polygon_info_windows\":false,\"enable_marker_ratings\":false,\"enable_marker_labels\":false,\"only_load_markers_within_viewport\":false,\"zoom_level_mobile_override_enabled\":false,\"zoom_level_mobile_override\":\"\",\"iw_primary_color\":\"#000000\",\"iw_accent_color\":\"#000000\",\"iw_text_color\":\"#000000\",\"wpgmza_listmarkers_by\":\"0\",\"wpgmza_marker_listing_position\":false,\"wpgmza_push_in_map\":false,\"wpgmza_push_in_map_placement\":null,\"wpgmza_push_in_map_width\":\"\",\"wpgmza_push_in_map_height\":\"\",\"zoom_level_on_marker_listing_override\":false,\"zoom_level_on_marker_listing_click\":\"\",\"marker_listing_disable_zoom\":false,\"datatable_no_result_message\":\"\",\"remove_search_box_datables\":false,\"dataTable_pagination_style\":null,\"datatable_search_string\":\"\",\"datatable_result_start\":\"\",\"datatable_result_of\":\"\",\"datatable_result_to\":\"\",\"datatable_result_total\":\"\",\"datatable_result_show\":\"\",\"datatable_result_entries\":\"\",\"wpgmza_savemap\":\"Karte speichern \\u00bb\"}}' data-map-id='1' Data-maps-engine='open-layers' data-shortcode-attributes='{\"id\":\"1\"}' style=\"display:block; overflow:auto; width:100%; height:400px; margin-left:auto !important; margin-right:auto; !important; align:center;\"><\/div>\n\n\n\n<p><\/p>\n\n\n\n<p>Mit dem Zug:<\/p>\n\n\n\n<ul class=\"wp-block-list\">\n<li>Der n\u00e4chstgelegene Bahnhof ist der S-Bahnhof Fl\u00f6rsheim (Main), Bahnhofstra\u00dfe 24, ca. 5 Minuten Fu\u00dfweg zur Bahnhofstra\u00dfe 39.<\/li>\n\n\n\n<li>Die S-Bahn Linie S1 verbindet Fl\u00f6rsheim mit Frankfurt, Wiesbaden und R\u00f6dermark.<\/li>\n\n\n\n<li>Vom Bahnhof aus sind es etwa 5 Minuten zu Fu\u00df bis zur Zieladresse.<\/li>\n<\/ul>\n\n\n\n<p>Mit dem Bus:<\/p>\n\n\n\n<ul class=\"wp-block-list\">\n<li>Fl\u00f6rsheim wird von mehreren Buslinien bedient, z.B. Linie 1 (Fl\u00f6rsheim \u2013 R\u00fcsselsheim), Linie 809 (Hochheim \u2013 Fl\u00f6rsheim \u2013 Hofheim), und weitere.<\/li>\n\n\n\n<li>Busse halten im Stadtgebiet, von dort ist die Bahnhofstra\u00dfe 39 gut zu Fu\u00df erreichbar.<\/li>\n\n\n\n<li>Details zu den Buslinien und Fahrpl\u00e4nen sind \u00fcber den RMV (Rhein-Main-Verkehrsverbund) erh\u00e4ltlich.<\/li>\n<\/ul>\n\n\n\n<p>Mit dem Auto (KFZ):<\/p>\n\n\n\n<ul class=\"wp-block-list\">\n<li>Von der A66 (Frankfurt-Wiesbaden) ist Fl\u00f6rsheim \u00fcber die Abfahrt Hattersheim West oder Wallau erreichbar.<\/li>\n\n\n\n<li>In Fl\u00f6rsheim folgt man der Beschilderung Richtung Fl\u00f6rsheim-Zentrum, dann \u00fcber die Fl\u00f6rsheimer Stra\u00dfe zur Bahnhofstra\u00dfe.<\/li>\n\n\n\n<li>Parkm\u00f6glichkeiten sind in der N\u00e4he der Bahnhofstra\u00dfe vorhanden.<\/li>\n<\/ul>\n","protected":false},"excerpt":{"rendered":"<p>Mit dem Zug: Mit dem Bus: Mit dem Auto (KFZ):<\/p>\n","protected":false},"author":2,"featured_media":0,"parent":0,"menu_order":0,"comment_status":"closed","ping_status":"closed","template":"","meta":{"footnotes":""},"class_list":["post-360","page","type-page","status-publish","hentry"],"_links":{"self":[{"href":"https:\/\/hausarzt-floersheim.de\/index.php\/wp-json\/wp\/v2\/pages\/360","targetHints":{"allow":["GET"]}}],"collection":[{"href":"https:\/\/hausarzt-floersheim.de\/index.php\/wp-json\/wp\/v2\/pages"}],"about":[{"href":"https:\/\/hausarzt-floersheim.de\/index.php\/wp-json\/wp\/v2\/types\/page"}],"author":[{"embeddable":true,"href":"https:\/\/hausarzt-floersheim.de\/index.php\/wp-json\/wp\/v2\/users\/2"}],"replies":[{"embeddable":true,"href":"https:\/\/hausarzt-floersheim.de\/index.php\/wp-json\/wp\/v2\/comments?post=360"}],"version-history":[{"count":2,"href":"https:\/\/hausarzt-floersheim.de\/index.php\/wp-json\/wp\/v2\/pages\/360\/revisions"}],"predecessor-version":[{"id":372,"href":"https:\/\/hausarzt-floersheim.de\/index.php\/wp-json\/wp\/v2\/pages\/360\/revisions\/372"}],"wp:attachment":[{"href":"https:\/\/hausarzt-floersheim.de\/index.php\/wp-json\/wp\/v2\/media?parent=360"}],"curies":[{"name":"wp","href":"https:\/\/api.w.org\/{rel}","templated":true}]}}