{"id":2,"date":"2024-11-14T17:40:44","date_gmt":"2024-11-14T16:40:44","guid":{"rendered":"http:\/\/hausarzt-floersheim.de\/?page_id=2"},"modified":"2025-10-28T22:00:37","modified_gmt":"2025-10-28T21:00:37","slug":"leistungen","status":"publish","type":"page","link":"https:\/\/hausarzt-floersheim.de\/index.php\/leistungen\/","title":{"rendered":"Unsere Leistungen"},"content":{"rendered":"\n<p class=\"has-text-align-center\"><\/p>\n\n\n\n<p>In unsere Hausarztpraxis begleiten wir Sie in jeden gesundheitlichen Anlass \u2013 von der akuten Erkrankung bis zur langfristigen Gesundheitsvorsorge. Unser Ziel ist es, Sie medizinisch individuell, authentisch und vertrauensvoll zu betreuen.<\/p>\n\n\n\n<p>Wir nehmen uns Zeit f\u00fcr Ihre Anliegen, h\u00f6ren zu und finden gemeinsam die passende Behandlung. Dabei verbinden wir aktuelle medizinische Standards mit einem ganzheitlichen Blick auf Ihre Gesundheit.<\/p>\n\n\n\n<p><strong>Unser Leistungsspektrum umfasst unter anderem:<\/strong><\/p>\n\n\n\n<p><strong>Haus\u00e4rztliche Grundversorgung<\/strong><\/p>\n\n\n\n<p>Behandlung akuter und chronischer Erkrankungen, umfassende Gesundheitsberatung, Betreuung bei komplexen Krankheitsbildern.<\/p>\n\n\n\n<p><strong>Vorsorgeuntersuchungen &amp; Gesundheits-Check-ups<\/strong><\/p>\n\n\n\n<p>Regelm\u00e4\u00dfige Untersuchungen zur Fr\u00fcherkennung und Pr\u00e4vention:<\/p>\n\n\n\n<ul class=\"wp-block-list\">\n<li>Check-up 35<\/li>\n\n\n\n<li>Hautkrebsscreening<\/li>\n\n\n\n<li>Darmkrebsvorsorge<\/li>\n\n\n\n<li>Bauchaortenaneurysma Screening f\u00fcr M\u00e4nner ab 65 Jahren<\/li>\n\n\n\n<li>Impfberatung<\/li>\n<\/ul>\n\n\n\n<p><strong>Psychosomatische Grundversorgung<\/strong><\/p>\n\n\n\n<p>Unterst\u00fctzung bei k\u00f6rperlich-seelischen Beschwerden, stressbedingten Erkrankungen und psychosozialen Belastungen.<\/p>\n\n\n\n<p><strong>Hausbesuche nach Absprache<\/strong><\/p>\n\n\n\n<p>F\u00fcr Patientinnen und Patienten, die unsere Praxis nicht selbst aufsuchen k\u00f6nnen.<\/p>\n\n\n\n<p><strong>Wir bieten Ihnen folgende haus\u00e4rztliche diagnostische Verfahren zur Abkl\u00e4rung und Verlaufskontrolle an:<\/strong><\/p>\n\n\n\n<p><strong>Laboruntersuchungen<\/strong><\/p>\n\n\n\n<p>Praxislabor (POC) mit schnellen Ergebnissen direkt vor Ort bei folgende Erkrankungen:<\/p>\n\n\n\n<ul class=\"wp-block-list\">\n<li>Diabetes mellitus (HbA1C Test)<\/li>\n\n\n\n<li>Verdacht auf Herzinfarkt (Troponin Test)<\/li>\n\n\n\n<li>Verdacht auf Thrombose (D-Dimmer Test<\/li>\n\n\n\n<li>Gerinnungskontrolle unter Marcoumar und andere Vitamin-K-Antagonisten (INR Test)<br><br><\/li>\n\n\n\n<li>Ruhe-EKG<\/li>\n\n\n\n<li>Lungenfunktionspr\u00fcfung<\/li>\n\n\n\n<li>24 Stunden EKG<\/li>\n\n\n\n<li>24 Stunden Blutdruckmessung<\/li>\n<\/ul>\n\n\n\n<p><strong>Individuelle Gesundheitsleistungen (IGeL) \u2013 Ihre Gesundheit im Fokus<\/strong><\/p>\n\n\n\n<p>Unsere oberste Priorit\u00e4t ist Ihre Gesundheit und Ihr Wohlbefinden. In unserer haus\u00e4rztlichen Praxis bieten wir Ihnen eine umfassende medizinische Betreuung nach den aktuellen Standards der gesetzlichen Krankenkassen.<\/p>\n\n\n\n<p>Dar\u00fcber hinaus gibt es jedoch sinnvolle medizinische Leistungen, die nicht von den Krankenkassen \u00fcbernommen werden, in bestimmten F\u00e4llen aber eine sinnvolle Erg\u00e4nzung zur regul\u00e4ren Versorgung darstellen k\u00f6nnen. Diese sogenannten Individuellen Gesundheitsleistungen (IgeL) bieten wir Ihnen auf Wunsch an \u2013 immer auf Basis einer pers\u00f6nlichen Beratung und medizinischen Indikation.<\/p>\n\n\n\n<p><strong>Wichtige Punkte im \u00dcberblick:<\/strong><\/p>\n\n\n\n<p><strong>Freiwillig:<\/strong> Alle IgeL-Leistungen sind optional. Sie entscheiden selbst, ob und in welchem Umfang Sie diese in Anspruch nehmen m\u00f6chten.<\/p>\n\n\n\n<p><strong>Individuell:<\/strong> Wir empfehlen nur Leistungen, die aus medizinischer Sicht f\u00fcr Sie pers\u00f6nlich sinnvoll erscheinen.<\/p>\n\n\n\n<p><strong>Transparent:<\/strong> Vor jeder Behandlung informieren wir Sie ausf\u00fchrlich \u00fcber Nutzen, m\u00f6gliche Risiken und die entstehenden Kosten.<\/p>\n\n\n\n<p><strong>Zu den IgeL-Leistungen in unserer Praxis z\u00e4hlen:<\/strong><\/p>\n\n\n\n<ul class=\"wp-block-list\">\n<li>Erweiterte Gesundheits-Check-up \u00fcber die Kassenrahmen hinaus<\/li>\n\n\n\n<li>Pulswellengeschwindigkeitsmessung (PWG). Die PWG hilft dabei, dass \u201eGef\u00e4\u00dfalter\u201c einzusch\u00e4tzen und besser das individuelle kardiovaskul\u00e4re Risiko zu bewerten.<\/li>\n\n\n\n<li>Ultraschalluntersuchungen (Bauchorgane und Schilddr\u00fcse) auf Wunsch und auch als Erg\u00e4nzung von Gesundheitsuntersuchung<\/li>\n\n\n\n<li>Akupunktur zur Vorbeugung von Migr\u00e4neanf\u00e4lle<\/li>\n\n\n\n<li>Laboruntersuchungen:<br>     &#8211; Vitamin-D (25-OH)<br>     &#8211; Vitamin B12 und Fols\u00e4ure<br>     &#8211; PSA-Test<br>     &#8211; Weibliche Hormone bei Frauen: \u00d6strogen, Progesteron, FSH, LH<br><\/li>\n\n\n\n<li>&nbsp;Ausstellung von Attesten und Bescheinigungen<\/li>\n\n\n\n<li>&nbsp;Infusionstherapie bei:<br>     &#8211; Erm\u00fcdung und Ersch\u00f6pfungserscheinungen<br>     &#8211; Erh\u00f6hte Stressbelastung im Alltag<br>     &#8211; Infektanf\u00e4lligkeit<br>     &#8211; Chronische Schmerzen<\/li>\n<\/ul>\n\n\n\n<p>Wir sehen diese Leistungen <strong>nicht als Ersatz<\/strong>, sondern als <strong>Erg\u00e4nzung zur regul\u00e4ren Versorgung<\/strong>, wenn Sie sich dar\u00fcber hinaus f\u00fcr Ihre Gesundheit engagieren m\u00f6chten.<\/p>\n\n\n\n<p>Bei Fragen sprechen Sie uns gerne an \u2013 wir beraten Sie individuell und ehrlich.<\/p>\n\n\n\n<p><strong>Wir freuen uns, Sie in unserer Praxis willkommen zu hei\u00dfen.<\/strong><\/p>\n","protected":false},"excerpt":{"rendered":"<p>In unsere Hausarztpraxis begleiten wir Sie in jeden gesundheitlichen Anlass \u2013 von der akuten Erkrankung bis zur langfristigen Gesundheitsvorsorge. Unser Ziel ist es, Sie medizinisch individuell, authentisch und vertrauensvoll zu betreuen. Wir nehmen uns Zeit f\u00fcr Ihre Anliegen, h\u00f6ren zu und finden gemeinsam die passende Behandlung. Dabei verbinden wir aktuelle medizinische Standards mit einem ganzheitlichen [&hellip;]<\/p>\n","protected":false},"author":1,"featured_media":0,"parent":0,"menu_order":0,"comment_status":"closed","ping_status":"closed","template":"","meta":{"footnotes":""},"class_list":["post-2","page","type-page","status-publish","hentry"],"_links":{"self":[{"href":"https:\/\/hausarzt-floersheim.de\/index.php\/wp-json\/wp\/v2\/pages\/2","targetHints":{"allow":["GET"]}}],"collection":[{"href":"https:\/\/hausarzt-floersheim.de\/index.php\/wp-json\/wp\/v2\/pages"}],"about":[{"href":"https:\/\/hausarzt-floersheim.de\/index.php\/wp-json\/wp\/v2\/types\/page"}],"author":[{"embeddable":true,"href":"https:\/\/hausarzt-floersheim.de\/index.php\/wp-json\/wp\/v2\/users\/1"}],"replies":[{"embeddable":true,"href":"https:\/\/hausarzt-floersheim.de\/index.php\/wp-json\/wp\/v2\/comments?post=2"}],"version-history":[{"count":62,"href":"https:\/\/hausarzt-floersheim.de\/index.php\/wp-json\/wp\/v2\/pages\/2\/revisions"}],"predecessor-version":[{"id":439,"href":"https:\/\/hausarzt-floersheim.de\/index.php\/wp-json\/wp\/v2\/pages\/2\/revisions\/439"}],"wp:attachment":[{"href":"https:\/\/hausarzt-floersheim.de\/index.php\/wp-json\/wp\/v2\/media?parent=2"}],"curies":[{"name":"wp","href":"https:\/\/api.w.org\/{rel}","templated":true}]}}