{"id":115,"date":"2024-12-22T18:20:46","date_gmt":"2024-12-22T17:20:46","guid":{"rendered":"http:\/\/hausarzt-floersheim.de\/?page_id=115"},"modified":"2025-09-21T17:31:55","modified_gmt":"2025-09-21T15:31:55","slug":"kontakt-anfahrt","status":"publish","type":"page","link":"https:\/\/hausarzt-floersheim.de\/index.php\/kontakt-anfahrt\/","title":{"rendered":"Kontakt"},"content":{"rendered":"\n<p><strong>Kontaktformular<\/strong><\/p>\n\n\n\n<p>\u00dcber dieses Kontaktformular stehen wir Ihnen gerne f\u00fcr allgemeine Anfragen zur Verf\u00fcgung.<\/p>\n\n\n\n<p>F\u00fcr Rezepte oder Terminw\u00fcnsche nutzen Sie bitte die entsprechenden Verlinkungen <a href=\"http:\/\/hausarzt-floersheim.de\/index.php\/rezept-bestellung\/\">Rezeptanforderung<\/a> bzw. <a href=\"https:\/\/webtermin.medatixx.de\/#\/0f85017b-560e-4dfb-8fd1-c791530a2ce5\" target=\"_blank\" rel=\"noreferrer noopener\">Jetzt Termin buchen!<\/a><\/p>\n\n\n\n<p>oder \u00fcber das Navigationsmen\u00fc rechts \/ oben (Rezeptanforderung bzw. Jetzt Termin buchen).<\/p>\n\n\n\n<p>F\u00fcr Ihre medizinischen Anliegen nehmen wir uns gerne Zeit im pers\u00f6nlichen Gespr\u00e4ch mit Ihrem Arzt.<\/p>\n\n\n\n<div class=\"wp-block-columns is-layout-flex wp-container-core-columns-is-layout-28f84493 wp-block-columns-is-layout-flex\">\n<div class=\"wp-block-column is-layout-flow wp-block-column-is-layout-flow\" style=\"flex-basis:100%\"><div class=\"frm_forms  with_frm_style frm_style_formidable-style\" id=\"frm_form_1_container\" >\n<form enctype=\"multipart\/form-data\" method=\"post\" class=\"frm-show-form \" id=\"form_contact-form\" >\n<div class=\"frm_form_fields \">\n<fieldset>\n<legend class=\"frm_screen_reader\">Contact Us<\/legend>\r\n\r\n<div class=\"frm_fields_container\">\n<input type=\"hidden\" name=\"frm_action\" value=\"create\" \/>\n<input type=\"hidden\" name=\"form_id\" value=\"1\" \/>\n<input type=\"hidden\" name=\"frm_hide_fields_1\" id=\"frm_hide_fields_1\" value=\"\" \/>\n<input type=\"hidden\" name=\"form_key\" value=\"contact-form\" \/>\n<input type=\"hidden\" name=\"item_meta[0]\" value=\"\" \/>\n<input type=\"hidden\" id=\"frm_submit_entry_1\" name=\"frm_submit_entry_1\" value=\"108026f6f1\" \/><input type=\"hidden\" name=\"_wp_http_referer\" value=\"\/index.php\/wp-json\/wp\/v2\/pages\/115\" \/><div id=\"frm_field_1_container\" class=\"frm_form_field form-field  frm_required_field frm_top_container frm_first frm_half\">\r\n\t<label for=\"field_qh4icy\" id=\"field_qh4icy_label\" class=\"frm_primary_label\">Vorname\r\n\t\t<span class=\"frm_required\" aria-hidden=\"true\">*<\/span>\r\n\t<\/label>\r\n\t<input type=\"text\" id=\"field_qh4icy\" name=\"item_meta[1]\" value=\"\"  data-reqmsg=\"Vorname kann nicht leer sein.\" aria-required=\"true\" data-invmsg=\"Vorname ist ung\u00fcltig\" aria-invalid=\"false\"  \/>\r\n\t\r\n\t\r\n<\/div>\n<div id=\"frm_field_2_container\" class=\"frm_form_field form-field  frm_required_field frm_top_container frm_half\">\r\n\t<label for=\"field_ocfup1\" id=\"field_ocfup1_label\" class=\"frm_primary_label\">Nachnahme\r\n\t\t<span class=\"frm_required\" aria-hidden=\"true\">*<\/span>\r\n\t<\/label>\r\n\t<input type=\"text\" id=\"field_ocfup1\" name=\"item_meta[2]\" value=\"\"  data-reqmsg=\"Nachnahme kann nicht leer sein.\" aria-required=\"true\" data-invmsg=\"Nachnahme ist ung\u00fcltig\" aria-invalid=\"false\"  \/>\r\n\t\r\n\t\r\n<\/div>\n<div id=\"frm_field_3_container\" class=\"frm_form_field form-field  frm_required_field frm_top_container frm_full\">\r\n\t<label for=\"field_29yf4d\" id=\"field_29yf4d_label\" class=\"frm_primary_label\">Email\r\n\t\t<span class=\"frm_required\" aria-hidden=\"true\">*<\/span>\r\n\t<\/label>\r\n\t<input type=\"email\" id=\"field_29yf4d\" name=\"item_meta[3]\" value=\"\"  data-reqmsg=\"Email kann nicht leer sein.\" aria-required=\"true\" data-invmsg=\"Please enter a valid email address\" aria-invalid=\"false\"  \/>\r\n\t\r\n\t\r\n<\/div>\n<div id=\"frm_field_5_container\" class=\"frm_form_field form-field  frm_required_field frm_top_container frm_full\">\r\n\t<label for=\"field_9jv0r1\" id=\"field_9jv0r1_label\" class=\"frm_primary_label\">Ihr Anliegen\r\n\t\t<span class=\"frm_required\" aria-hidden=\"true\">*<\/span>\r\n\t<\/label>\r\n\t<textarea name=\"item_meta[5]\" id=\"field_9jv0r1\" rows=\"5\"  data-reqmsg=\"Ihr Anliegen kann nicht leer sein.\" aria-required=\"true\" data-invmsg=\"Ihr Anliegen ist ung\u00fcltig\" aria-invalid=\"false\"  ><\/textarea>\r\n\t\r\n\t\r\n<\/div>\n<div id=\"frm_field_29_container\" class=\"frm_form_field form-field  frm_required_field frm_top_container vertical_radio\">\r\n\t<div  id=\"field_3p7x4_label\" class=\"frm_primary_label\">Checkboxen\r\n\t\t<span class=\"frm_required\" aria-hidden=\"true\">*<\/span>\r\n\t<\/div>\r\n\t<div class=\"frm_opt_container\" aria-labelledby=\"field_3p7x4_label\" role=\"group\">\t\t<div class=\"frm_checkbox\" id=\"frm_checkbox_29-0\">\t\t\t<label  for=\"field_3p7x4-0\">\n\t\t\t<input type=\"checkbox\" name=\"item_meta[29][]\" id=\"field_3p7x4-0\" value=\"Ja, ich habe die Datenschutzerkl\u00e4rung zur Kenntnis genommen und bin damit einverstanden, dass die von mir angegebenen Daten elektronisch erhoben und gespeichert werden. Meine Daten werden dabei nur streng zweckgebunden zur Bearbeitung und Beantwortung meiner Anfrage benutzt. Mit dem Absenden des Formulars erkl\u00e4re ich mich mit der Verarbeitung einverstanden.\"  data-reqmsg=\"Checkboxen kann nicht leer sein.\" data-invmsg=\"Checkboxen ist ung\u00fcltig\"   aria-required=\"true\"  \/> Ja, ich habe die Datenschutzerkl\u00e4rung zur Kenntnis genommen und bin damit einverstanden, dass die von mir angegebenen Daten elektronisch erhoben und gespeichert werden. Meine Daten werden dabei nur streng zweckgebunden zur Bearbeitung und Beantwortung meiner Anfrage benutzt. Mit dem Absenden des Formulars erkl\u00e4re ich mich mit der Verarbeitung einverstanden.<\/label><\/div>\n<\/div>\r\n\t\r\n\t\r\n<\/div>\n<div id=\"frm_field_27_container\" class=\"frm_form_field form-field \">\r\n\t<div class=\"frm_submit frm_flex\">\r\n<button class=\"frm_button_submit\" type=\"submit\"  >Senden<\/button>\r\n\r\n\r\n\r\n<\/div>\r\n<\/div>\n\t<input type=\"hidden\" name=\"item_key\" value=\"\" \/>\n\t\t\t<div id=\"frm_field_30_container\">\n\t\t\t<label for=\"field_wqgjd\" >\n\t\t\t\tFalls Du menschlich bist, lasse dieses Feld leer.\t\t\t<\/label>\n\t\t\t<input  id=\"field_wqgjd\" type=\"text\" class=\"frm_form_field form-field frm_verify\" name=\"item_meta[30]\" value=\"\"  \/>\n\t\t<\/div>\n\t\t<input name=\"frm_state\" type=\"hidden\" value=\"o7Z4bxaGiYF\/D3WLp2U5zK9c6je65\/knmwjJ+kx6pBM=\" \/><\/div>\n<\/fieldset>\n<\/div>\n\n<\/form>\n<\/div>\n<\/div>\n<\/div>\n\n\n\n<div class=\"wp-block-group has-global-padding is-layout-constrained wp-block-group-is-layout-constrained\">\n<p class=\"has-text-align-left\"><strong><font color=#FF0000\">Wichtiger Hinweis:<br>Bitte beachten Sie, dass wir per E-Mail keine medizinischen Beratungen durchf\u00fchren. E-Mails werden nicht regelm\u00e4\u00dfig abgerufen.<\/p><\/font><\/strong>\n<\/div>\n\n\n\n<p><\/p>\n","protected":false},"excerpt":{"rendered":"<p>Kontaktformular \u00dcber dieses Kontaktformular stehen wir Ihnen gerne f\u00fcr allgemeine Anfragen zur Verf\u00fcgung. F\u00fcr Rezepte oder Terminw\u00fcnsche nutzen Sie bitte die entsprechenden Verlinkungen Rezeptanforderung bzw. Jetzt Termin buchen! oder \u00fcber das Navigationsmen\u00fc rechts \/ oben (Rezeptanforderung bzw. Jetzt Termin buchen). F\u00fcr Ihre medizinischen Anliegen nehmen wir uns gerne Zeit im pers\u00f6nlichen Gespr\u00e4ch mit Ihrem Arzt.<\/p>\n","protected":false},"author":1,"featured_media":0,"parent":0,"menu_order":0,"comment_status":"closed","ping_status":"closed","template":"","meta":{"footnotes":""},"class_list":["post-115","page","type-page","status-publish","hentry"],"_links":{"self":[{"href":"https:\/\/hausarzt-floersheim.de\/index.php\/wp-json\/wp\/v2\/pages\/115","targetHints":{"allow":["GET"]}}],"collection":[{"href":"https:\/\/hausarzt-floersheim.de\/index.php\/wp-json\/wp\/v2\/pages"}],"about":[{"href":"https:\/\/hausarzt-floersheim.de\/index.php\/wp-json\/wp\/v2\/types\/page"}],"author":[{"embeddable":true,"href":"https:\/\/hausarzt-floersheim.de\/index.php\/wp-json\/wp\/v2\/users\/1"}],"replies":[{"embeddable":true,"href":"https:\/\/hausarzt-floersheim.de\/index.php\/wp-json\/wp\/v2\/comments?post=115"}],"version-history":[{"count":25,"href":"https:\/\/hausarzt-floersheim.de\/index.php\/wp-json\/wp\/v2\/pages\/115\/revisions"}],"predecessor-version":[{"id":393,"href":"https:\/\/hausarzt-floersheim.de\/index.php\/wp-json\/wp\/v2\/pages\/115\/revisions\/393"}],"wp:attachment":[{"href":"https:\/\/hausarzt-floersheim.de\/index.php\/wp-json\/wp\/v2\/media?parent=115"}],"curies":[{"name":"wp","href":"https:\/\/api.w.org\/{rel}","templated":true}]}}